{"id":1617,"date":"2024-06-04T16:21:10","date_gmt":"2024-06-04T14:21:10","guid":{"rendered":"https:\/\/priceless-almeida.188-165-95-76.plesk.page\/?page_id=1617"},"modified":"2026-03-11T13:14:37","modified_gmt":"2026-03-11T12:14:37","slug":"mentions","status":"publish","type":"page","link":"https:\/\/matt-foot.fr\/en\/mentions\/","title":{"rendered":"mentions"},"content":{"rendered":"<p>[et_pb_section fb_built=\u00a0\u00bb1&Prime; _builder_version=\u00a0\u00bb4.25.1&Prime; _module_preset=\u00a0\u00bbdefault\u00a0\u00bb global_colors_info=\u00a0\u00bb{}\u00a0\u00bb][et_pb_row _builder_version=\u00a0\u00bb4.25.1&Prime; _module_preset=\u00a0\u00bbdefault\u00a0\u00bb global_colors_info=\u00a0\u00bb{}\u00a0\u00bb][et_pb_column type=\u00a0\u00bb4_4&Prime; _builder_version=\u00a0\u00bb4.25.1&Prime; _module_preset=\u00a0\u00bbdefault\u00a0\u00bb global_colors_info=\u00a0\u00bb{}\u00a0\u00bb][et_pb_text _builder_version=\u00a0\u00bb4.27.6&Prime; _module_preset=\u00a0\u00bbdefault\u00a0\u00bb hover_enabled=\u00a0\u00bb0&Prime; global_colors_info=\u00a0\u00bb{}\u00a0\u00bb sticky_enabled=\u00a0\u00bb0&Prime;]<\/p>\n<h1 style=\"text-align: center;\">Mentions l\u00e9gales<\/h1>\n<p><strong><u>MENTIONS L\u00c9GALES<\/u><\/strong><\/p>\n<p><b>Conform\u00e9ment aux disposit<\/b><strong>ions des articles 6-III et 19 de la Loi n\u00b0 2004-575 du 21 juin 2004 pour la Confiance dans l\u2019\u00e9conomie num\u00e9rique, dite L.C.E.N., nous portons \u00e0 la connaissance des utilisateurs et visiteurs du site matt-foot.fr :<span>\u00a0<\/span><\/strong><span>\u00a0<\/span><strong>les informations suivantes :<\/strong><\/p>\n<p><strong>D\u00e9nomination:<span>\u00a0matt-foot<\/span><\/strong><\/p>\n<p><strong>Soci\u00e9t\u00e9 :<span>\u00a0matthieu BERTHOU<\/span><\/strong><\/p>\n<p><strong>Site internet : matt-foot.fr<\/strong><\/p>\n<p><strong>D\u2019une mani\u00e8re g\u00e9n\u00e9rale, il vous est possible de visiter le Site sans communiquer aucune information personnelle vous concernant.<\/strong><\/p>\n<p><strong>En toute hypoth\u00e8se, vous \u00eates en aucune mani\u00e8re oblig\u00e9 de transmettre ces informations \u00e0<span>\u00a0matt-foot<\/span>.<\/strong><\/p>\n<p><strong>N\u00e9anmoins, en cas de refus, il se peut que vous ne puissiez pas b\u00e9n\u00e9ficier de certaines informations ou services que vous avez demand\u00e9.<\/strong><\/p>\n<p><strong>Le site<span>\u00a0matt-foot.fr<\/span><\/strong><span>\u00a0<\/span><strong>a pour objet de fournir une information concernant l\u2019ensemble des activit\u00e9s de la soci\u00e9t\u00e9.<\/strong><\/p>\n<p><strong>\u00a0Le propri\u00e9taire du site s\u2019efforce de fournir sur le site<span>\u00a0matt-foot.fr<\/span>\u00a0des informations aussi pr\u00e9cises que possible.\u00a0<\/strong><\/p>\n<p><strong>Toutefois, il ne pourra \u00eatre tenue responsable des inexactitudes et des carences dans la mise \u00e0 jour, qu\u2019elles soient de son fait ou du fait des tiers partenaires qui lui fournissent ces informations.<\/strong><\/p>\n<p><strong>Toutes les informations propos\u00e9es sur le site niro-sport.fr<\/strong><span>\u00a0<\/span><strong>sont donn\u00e9es \u00e0 titre indicatif, sont non exhaustives, et sont susceptibles d\u2019\u00e9voluer. Elles sont donn\u00e9es sous r\u00e9serve de modifications ayant \u00e9t\u00e9 apport\u00e9es depuis leur mise en ligne.<\/strong><\/p>\n<p><strong>Informations l\u00e9gales :<\/strong><\/p>\n<p><strong>Propri\u00e9taire :<span>\u00a0matthieu BERTHOU<\/span><\/strong><\/p>\n<p><strong>Responsable publication :<span> matthieu BERTHOU<\/span><\/strong><\/p>\n<p><strong>Le responsable publication est une personne physique ou une personne morale.<\/strong><\/p>\n<p><strong>Mail:<\/strong><span> matt.foot.fr<\/span><strong>@gmail.com<\/strong><\/p>\n<p><strong>SIRET : 891 275 331<\/strong><\/p>\n<p>[\/et_pb_text][\/et_pb_column][\/et_pb_row][\/et_pb_section]<\/p>\n","protected":false},"excerpt":{"rendered":"<p>Mentions l\u00e9gales MENTIONS L\u00c9GALES Conform\u00e9ment aux dispositions des articles 6-III et 19 de la Loi n\u00b0 2004-575 du 21 juin 2004 pour la Confiance dans l\u2019\u00e9conomie num\u00e9rique, dite L.C.E.N., nous portons \u00e0 la connaissance des utilisateurs et visiteurs du site matt-foot.fr :\u00a0\u00a0les informations suivantes : D\u00e9nomination:\u00a0matt-foot Soci\u00e9t\u00e9 :\u00a0matthieu BERTHOU Site internet : matt-foot.fr D\u2019une mani\u00e8re [&hellip;]<\/p>\n","protected":false},"author":1,"featured_media":0,"parent":0,"menu_order":0,"comment_status":"closed","ping_status":"closed","template":"","meta":{"_et_pb_use_builder":"on","_et_pb_old_content":"","_et_gb_content_width":"","footnotes":""},"class_list":["post-1617","page","type-page","status-publish","hentry"],"_links":{"self":[{"href":"https:\/\/matt-foot.fr\/en\/wp-json\/wp\/v2\/pages\/1617","targetHints":{"allow":["GET"]}}],"collection":[{"href":"https:\/\/matt-foot.fr\/en\/wp-json\/wp\/v2\/pages"}],"about":[{"href":"https:\/\/matt-foot.fr\/en\/wp-json\/wp\/v2\/types\/page"}],"author":[{"embeddable":true,"href":"https:\/\/matt-foot.fr\/en\/wp-json\/wp\/v2\/users\/1"}],"replies":[{"embeddable":true,"href":"https:\/\/matt-foot.fr\/en\/wp-json\/wp\/v2\/comments?post=1617"}],"version-history":[{"count":1,"href":"https:\/\/matt-foot.fr\/en\/wp-json\/wp\/v2\/pages\/1617\/revisions"}],"predecessor-version":[{"id":2284,"href":"https:\/\/matt-foot.fr\/en\/wp-json\/wp\/v2\/pages\/1617\/revisions\/2284"}],"wp:attachment":[{"href":"https:\/\/matt-foot.fr\/en\/wp-json\/wp\/v2\/media?parent=1617"}],"curies":[{"name":"wp","href":"https:\/\/api.w.org\/{rel}","templated":true}]}}